{"id":414,"date":"2018-05-03T09:10:48","date_gmt":"2018-05-03T07:10:48","guid":{"rendered":"http:\/\/wein-vom-burgenland.com\/?page_id=414"},"modified":"2018-05-03T09:21:01","modified_gmt":"2018-05-03T07:21:01","slug":"cookie-richtlinie","status":"publish","type":"page","link":"http:\/\/wein-vom-burgenland.com\/?page_id=414","title":{"rendered":"Cookie Richtlinie"},"content":{"rendered":"<p>Wir benutzen Cookies um sicherzustellen, dass unsere Website richtig funktioniert und um Statistiken \u00fcber das Verhalten unserer Benutzer zu sammeln. Durch die Nutzung dieser Website akzeptieren Sie den Einsatz unserer Cookies.<\/p>\n<p>Information \u00fcber Cookies<\/p>\n<p>Ein Cookie ist eine kleine Textdatei, die beim Besuch einer Internetseite auf Ihrem Ger\u00e4t abgelegt wird und dabei hilft Ihr Ger\u00e4t zu identifizieren. Cookies werden genutzt, um Informationen zu speichern, wenn sie verschiedene Seiten einer Website besuchen oder zu einer Website zur\u00fcckkehren. Sie enthalten keine pers\u00f6nlichen Informationen und k\u00f6nnen keine Programme ausf\u00fchren, die einen Virus ausl\u00f6sen k\u00f6nnten.<br \/>\nCookies auf der Website<\/p>\n<p>Auf dieser Website nutzen wir Cookies im Zusammenhang mit der Funktionalit\u00e4t der Seite sowie zu Statistik- und Marketing-Zwecken.<\/p>\n<p>F\u00fcr weitere Informationen \u00fcber die verwendeten Cookies w\u00e4hlen Sie bitte eine der drei Kategorien (Funktionalit\u00e4t, Statistiken und Marketing). Dort finden Sie Informationen zum Namen, Ablaufdatum, Zweck und Ursprung der Cookies.<br \/>\nWie Sie Cookies auf dieser Seite ausschalten<\/p>\n<p>Wenn Sie die Cookies dieser Seite blockieren m\u00f6chten, m\u00fcssen Sie die Erlaubnis-Einstellungen im Browser \u00e4ndern.<\/p>\n<p>Auf http:\/\/aboutcookies.org\/ erhalten Sie weitere Informationen dar\u00fcber, wie Sie Cookies in Ihrem Browser kontrollieren.<\/p>\n<p>Wenn Sie Cookies in Ihrem Browser blockieren, kann Ihr Ger\u00e4t beim Besuch unserer Website nicht nachverfolgt werden. Sie sollten jedoch bedenken, dass Sie damit eventuell auch die Funktionalit\u00e4t unserer Website einschr\u00e4nken.<\/p>\n","protected":false},"excerpt":{"rendered":"<p>Wir benutzen Cookies um sicherzustellen, dass unsere Website richtig funktioniert und um Statistiken \u00fcber das Verhalten unserer Benutzer zu sammeln. Durch die Nutzung dieser Website akzeptieren Sie den Einsatz unserer Cookies. Information \u00fcber Cookies Ein Cookie ist eine kleine Textdatei, die beim Besuch einer Internetseite auf Ihrem Ger\u00e4t abgelegt wird und dabei hilft Ihr Ger\u00e4t &hellip; <\/p>\n<p><a class=\"more-link btn\" href=\"http:\/\/wein-vom-burgenland.com\/?page_id=414\">Weiterlesen<\/a><\/p>\n","protected":false},"author":4,"featured_media":0,"parent":175,"menu_order":10,"comment_status":"closed","ping_status":"closed","template":"","meta":[],"_links":{"self":[{"href":"http:\/\/wein-vom-burgenland.com\/index.php?rest_route=\/wp\/v2\/pages\/414"}],"collection":[{"href":"http:\/\/wein-vom-burgenland.com\/index.php?rest_route=\/wp\/v2\/pages"}],"about":[{"href":"http:\/\/wein-vom-burgenland.com\/index.php?rest_route=\/wp\/v2\/types\/page"}],"author":[{"embeddable":true,"href":"http:\/\/wein-vom-burgenland.com\/index.php?rest_route=\/wp\/v2\/users\/4"}],"replies":[{"embeddable":true,"href":"http:\/\/wein-vom-burgenland.com\/index.php?rest_route=%2Fwp%2Fv2%2Fcomments&post=414"}],"version-history":[{"count":1,"href":"http:\/\/wein-vom-burgenland.com\/index.php?rest_route=\/wp\/v2\/pages\/414\/revisions"}],"predecessor-version":[{"id":415,"href":"http:\/\/wein-vom-burgenland.com\/index.php?rest_route=\/wp\/v2\/pages\/414\/revisions\/415"}],"up":[{"embeddable":true,"href":"http:\/\/wein-vom-burgenland.com\/index.php?rest_route=\/wp\/v2\/pages\/175"}],"wp:attachment":[{"href":"http:\/\/wein-vom-burgenland.com\/index.php?rest_route=%2Fwp%2Fv2%2Fmedia&parent=414"}],"curies":[{"name":"wp","href":"https:\/\/api.w.org\/{rel}","templated":true}]}}